{"id":9,"date":"2023-04-11T13:21:51","date_gmt":"2023-04-11T11:21:51","guid":{"rendered":"https:\/\/praxis-pflanzenheilkunde.com\/contact\/"},"modified":"2024-07-22T16:00:23","modified_gmt":"2024-07-22T14:00:23","slug":"kontakt","status":"publish","type":"page","link":"https:\/\/praxis-pflanzenheilkunde.com\/en\/kontakt\/","title":{"rendered":"Contact"},"content":{"rendered":"<div data-elementor-type=\"wp-page\" data-elementor-id=\"9\" class=\"elementor elementor-9\" data-elementor-post-type=\"page\">\n\t\t\t\t\t\t<section class=\"elementor-section elementor-top-section elementor-element elementor-element-b95b2e1 elementor-section-full_width elementor-section-height-default elementor-section-height-default\" data-id=\"b95b2e1\" data-element_type=\"section\" data-e-type=\"section\" data-settings=\"{&quot;background_background&quot;:&quot;classic&quot;}\">\n\t\t\t\t\t\t<div class=\"elementor-container elementor-column-gap-default\">\n\t\t\t\t\t<div class=\"elementor-column elementor-col-100 elementor-top-column elementor-element elementor-element-493e52e\" data-id=\"493e52e\" data-element_type=\"column\" data-e-type=\"column\">\n\t\t\t<div class=\"elementor-widget-wrap elementor-element-populated\">\n\t\t\t\t\t\t<div class=\"elementor-element elementor-element-10ddddad elementor-widget elementor-widget-heading\" data-id=\"10ddddad\" data-element_type=\"widget\" data-e-type=\"widget\" data-widget_type=\"heading.default\">\n\t\t\t\t<div class=\"elementor-widget-container\">\n\t\t\t\t\t<h2 class=\"elementor-heading-title elementor-size-default\">Contact<\/h2>\t\t\t\t<\/div>\n\t\t\t\t<\/div>\n\t\t\t\t<div class=\"elementor-element elementor-element-2d613663 elementor-widget-divider--view-line elementor-widget elementor-widget-divider\" data-id=\"2d613663\" data-element_type=\"widget\" data-e-type=\"widget\" data-widget_type=\"divider.default\">\n\t\t\t\t<div class=\"elementor-widget-container\">\n\t\t\t\t\t\t\t<div class=\"elementor-divider\">\n\t\t\t<span class=\"elementor-divider-separator\">\n\t\t\t\t\t\t<\/span>\n\t\t<\/div>\n\t\t\t\t\t\t<\/div>\n\t\t\t\t<\/div>\n\t\t\t\t\t<\/div>\n\t\t<\/div>\n\t\t\t\t\t<\/div>\n\t\t<\/section>\n\t\t\t\t<section class=\"elementor-section elementor-top-section elementor-element elementor-element-2ebbc620 elementor-section-full_width elementor-section-height-default elementor-section-height-default\" data-id=\"2ebbc620\" data-element_type=\"section\" data-e-type=\"section\" data-settings=\"{&quot;background_background&quot;:&quot;classic&quot;}\">\n\t\t\t\t\t\t<div class=\"elementor-container elementor-column-gap-default\">\n\t\t\t\t\t<div class=\"elementor-column elementor-col-100 elementor-top-column elementor-element elementor-element-1a57d1d\" data-id=\"1a57d1d\" data-element_type=\"column\" data-e-type=\"column\">\n\t\t\t<div class=\"elementor-widget-wrap elementor-element-populated\">\n\t\t\t\t\t\t<div class=\"elementor-element elementor-element-0676452 elementor-widget elementor-widget-text-editor\" data-id=\"0676452\" data-element_type=\"widget\" data-e-type=\"widget\" data-widget_type=\"text-editor.default\">\n\t\t\t\t<div class=\"elementor-widget-container\">\n\t\t\t\t\t\t\t\t\t<div class=\"page\" title=\"Page 1\">\n<div class=\"layoutArea\">\n<div class=\"column\">\n<p>Falls du an einer patientenzentrierten Behandlung interessiert bist, wo deine Anliegen aufmerksam und ernst genommen werden, freue ich mich auf deine Kontaktaufnahme. Solltest du noch unsicher sein, steht dir ein kostenloses, unverbindliches Vorgespra\u0308ch von 10 bis 15 Minuten per Telefon zur Verfu\u0308gung. So haben wir die Chance, uns kennenzulernen und herausfinden, ob wir gut zusammenarbeiten ko\u0308nnen. Ich freue mich auf Dich.<\/p>\n<\/div>\n<\/div>\n<\/div>\t\t\t\t\t\t\t\t<\/div>\n\t\t\t\t<\/div>\n\t\t\t\t<div class=\"elementor-element elementor-element-1341716 elementor-mobile-align-center elementor-tablet-align-center elementor-align-center elementor-widget elementor-widget-button\" data-id=\"1341716\" data-element_type=\"widget\" data-e-type=\"widget\" data-widget_type=\"button.default\">\n\t\t\t\t<div class=\"elementor-widget-container\">\n\t\t\t\t\t\t\t\t\t<div class=\"elementor-button-wrapper\">\n\t\t\t\t\t<a class=\"elementor-button elementor-button-link elementor-size-sm\" href=\"https:\/\/calendly.com\/weller-pflanzenheilkunde\/termin\">\n\t\t\t\t\t\t<span class=\"elementor-button-content-wrapper\">\n\t\t\t\t\t\t\t\t\t<span class=\"elementor-button-text\">Heilpraktiker appointment<\/span>\n\t\t\t\t\t<\/span>\n\t\t\t\t\t<\/a>\n\t\t\t\t<\/div>\n\t\t\t\t\t\t\t\t<\/div>\n\t\t\t\t<\/div>\n\t\t\t\t\t<\/div>\n\t\t<\/div>\n\t\t\t\t\t<\/div>\n\t\t<\/section>\n\t\t\t\t<section class=\"elementor-section elementor-top-section elementor-element elementor-element-082a8ce elementor-section-full_width elementor-section-height-default elementor-section-height-default\" data-id=\"082a8ce\" data-element_type=\"section\" data-e-type=\"section\" data-settings=\"{&quot;background_background&quot;:&quot;classic&quot;}\">\n\t\t\t\t\t\t<div class=\"elementor-container elementor-column-gap-wider\">\n\t\t\t\t\t<div class=\"elementor-column elementor-col-50 elementor-top-column elementor-element elementor-element-a75ac90\" data-id=\"a75ac90\" data-element_type=\"column\" data-e-type=\"column\">\n\t\t\t<div class=\"elementor-widget-wrap elementor-element-populated\">\n\t\t\t\t\t\t<div class=\"elementor-element elementor-element-c3443aa elementor-widget elementor-widget-heading\" data-id=\"c3443aa\" data-element_type=\"widget\" data-e-type=\"widget\" data-widget_type=\"heading.default\">\n\t\t\t\t<div class=\"elementor-widget-container\">\n\t\t\t\t\t<h2 class=\"elementor-heading-title elementor-size-default\">Julian Weller <\/h2>\t\t\t\t<\/div>\n\t\t\t\t<\/div>\n\t\t\t\t<div class=\"elementor-element elementor-element-9dd44c5 elementor-widget elementor-widget-heading\" data-id=\"9dd44c5\" data-element_type=\"widget\" data-e-type=\"widget\" data-widget_type=\"heading.default\">\n\t\t\t\t<div class=\"elementor-widget-container\">\n\t\t\t\t\t<h2 class=\"elementor-heading-title elementor-size-default\">Alternative practitioner<\/h2>\t\t\t\t<\/div>\n\t\t\t\t<\/div>\n\t\t\t\t<div class=\"elementor-element elementor-element-a801f3e elementor-widget elementor-widget-text-editor\" data-id=\"a801f3e\" data-element_type=\"widget\" data-e-type=\"widget\" data-widget_type=\"text-editor.default\">\n\t\t\t\t<div class=\"elementor-widget-container\">\n\t\t\t\t\t\t\t\t\t<p style=\"caret-color: rgb(255, 255, 255); color: rgb(255, 255, 255);\"><span style=\"font-family: var( --e-global-typography-text-font-family ), Sans-serif; font-size: var( --e-global-typography-text-font-size ); font-style: var( --e-global-typography-text-font-style ); letter-spacing: var( --e-global-typography-text-letter-spacing ); text-transform: var( --e-global-typography-text-text-transform ); word-spacing: var( --e-global-typography-text-word-spacing ); text-decoration: var( --e-global-typography-text-text-decoration ); background-color: var( --e-global-color-58c3444 );\">+49 176 709 18 320<\/span><br><\/p>\n<p style=\"caret-color: rgb(255, 255, 255); color: rgb(255, 255, 255);\">julian@praxis-pflanzenheilkunde.com<\/p>\n<p style=\"caret-color: rgb(255, 255, 255); color: rgb(255, 255, 255);\">c\/o Naturheilpraxis Mommsenstr. 55<\/p>\n<p style=\"caret-color: rgb(255, 255, 255); color: rgb(255, 255, 255);\">10629 Berlin-Charlottenburg<\/p>\t\t\t\t\t\t\t\t<\/div>\n\t\t\t\t<\/div>\n\t\t\t\t\t<\/div>\n\t\t<\/div>\n\t\t\t\t<div class=\"elementor-column elementor-col-50 elementor-top-column elementor-element elementor-element-ae96d3e\" data-id=\"ae96d3e\" data-element_type=\"column\" data-e-type=\"column\">\n\t\t\t<div class=\"elementor-widget-wrap elementor-element-populated\">\n\t\t\t\t\t\t<div class=\"elementor-element elementor-element-1448216 elementor-widget elementor-widget-google_maps\" data-id=\"1448216\" data-element_type=\"widget\" data-e-type=\"widget\" data-widget_type=\"google_maps.default\">\n\t\t\t\t<div class=\"elementor-widget-container\">\n\t\t\t\t\t\t\t<div class=\"elementor-custom-embed\">\n\t\t\t<iframe loading=\"lazy\"\n\t\t\t\t\tsrc=\"https:\/\/maps.google.com\/maps?q=%20Mommsenstr.%2055%2C%2010629%20Berlin&#038;t=m&#038;z=10&#038;output=embed&#038;iwloc=near\"\n\t\t\t\t\ttitle=\" Mommsenstr. 55, 10629 Berlin\"\n\t\t\t\t\taria-label=\" Mommsenstr. 55, 10629 Berlin\"\n\t\t\t><\/iframe>\n\t\t<\/div>\n\t\t\t\t\t\t<\/div>\n\t\t\t\t<\/div>\n\t\t\t\t\t<\/div>\n\t\t<\/div>\n\t\t\t\t\t<\/div>\n\t\t<\/section>\n\t\t\t\t<\/div>","protected":false},"excerpt":{"rendered":"<p>Kontakt Falls du an einer patientenzentrierten Behandlung interessiert bist, wo deine Anliegen aufmerksam und ernst genommen werden, freue ich mich auf deine Kontaktaufnahme. Solltest du noch unsicher sein, steht dir ein kostenloses, unverbindliches Vorgespra\u0308ch von 10 bis 15 Minuten per Telefon zur Verfu\u0308gung. So haben wir die Chance, uns kennenzulernen und herausfinden, ob wir gut&hellip; <a class=\"more-link\" href=\"https:\/\/praxis-pflanzenheilkunde.com\/en\/kontakt\/\">Continue reading <span class=\"screen-reader-text\">Contact<\/span><\/a><\/p>","protected":false},"author":1,"featured_media":0,"parent":0,"menu_order":0,"comment_status":"closed","ping_status":"closed","template":"elementor_header_footer","meta":{"footnotes":""},"class_list":["post-9","page","type-page","status-publish","hentry","entry"],"yoast_head":"<!-- This site is optimized with the Yoast SEO plugin v26.1.1 - https:\/\/yoast.com\/wordpress\/plugins\/seo\/ -->\n<title>Kontakt - Julian Weller Heilpraktiker f\u00fcr Pflanzenheilkunde in Berlin-Charlottenburg<\/title>\n<meta name=\"robots\" content=\"index, follow, max-snippet:-1, max-image-preview:large, max-video-preview:-1\" \/>\n<link rel=\"canonical\" href=\"https:\/\/praxis-pflanzenheilkunde.com\/en\/kontakt\/\" \/>\n<meta property=\"og:locale\" content=\"en_US\" \/>\n<meta property=\"og:type\" content=\"article\" \/>\n<meta property=\"og:title\" content=\"Kontakt - Julian Weller Heilpraktiker f\u00fcr Pflanzenheilkunde in Berlin-Charlottenburg\" \/>\n<meta property=\"og:description\" content=\"Kontakt Falls du an einer patientenzentrierten Behandlung interessiert bist, wo deine Anliegen aufmerksam und ernst genommen werden, freue ich mich auf deine Kontaktaufnahme. Solltest du noch unsicher sein, steht dir ein kostenloses, unverbindliches Vorgespra\u0308ch von 10 bis 15 Minuten per Telefon zur Verfu\u0308gung. So haben wir die Chance, uns kennenzulernen und herausfinden, ob wir gut&hellip; Continue reading Kontakt\" \/>\n<meta property=\"og:url\" content=\"https:\/\/praxis-pflanzenheilkunde.com\/en\/kontakt\/\" \/>\n<meta property=\"og:site_name\" content=\"Julian Weller Heilpraktiker f\u00fcr Pflanzenheilkunde in Berlin-Charlottenburg\" \/>\n<meta property=\"article:publisher\" content=\"https:\/\/www.facebook.com\/people\/Praxis-fr-Pflanzenheilkunde-Berlin\/100092852247351\/\" \/>\n<meta property=\"article:modified_time\" content=\"2024-07-22T14:00:23+00:00\" \/>\n<meta name=\"twitter:card\" content=\"summary_large_image\" \/>\n<meta name=\"twitter:site\" content=\"@pflanzenpraxis\" \/>\n<meta name=\"twitter:label1\" content=\"Est. reading time\" \/>\n\t<meta name=\"twitter:data1\" content=\"1 minute\" \/>\n<script type=\"application\/ld+json\" class=\"yoast-schema-graph\">{\"@context\":\"https:\/\/schema.org\",\"@graph\":[{\"@type\":\"WebPage\",\"@id\":\"https:\/\/praxis-pflanzenheilkunde.com\/kontakt\/\",\"url\":\"https:\/\/praxis-pflanzenheilkunde.com\/kontakt\/\",\"name\":\"Kontakt - Julian Weller Heilpraktiker f\u00fcr Pflanzenheilkunde in Berlin-Charlottenburg\",\"isPartOf\":{\"@id\":\"https:\/\/praxis-pflanzenheilkunde.com\/#website\"},\"datePublished\":\"2023-04-11T11:21:51+00:00\",\"dateModified\":\"2024-07-22T14:00:23+00:00\",\"breadcrumb\":{\"@id\":\"https:\/\/praxis-pflanzenheilkunde.com\/kontakt\/#breadcrumb\"},\"inLanguage\":\"en-US\",\"potentialAction\":[{\"@type\":\"ReadAction\",\"target\":[\"https:\/\/praxis-pflanzenheilkunde.com\/kontakt\/\"]}]},{\"@type\":\"BreadcrumbList\",\"@id\":\"https:\/\/praxis-pflanzenheilkunde.com\/kontakt\/#breadcrumb\",\"itemListElement\":[{\"@type\":\"ListItem\",\"position\":1,\"name\":\"Startseite\",\"item\":\"https:\/\/praxis-pflanzenheilkunde.com\/\"},{\"@type\":\"ListItem\",\"position\":2,\"name\":\"Kontakt\"}]},{\"@type\":\"WebSite\",\"@id\":\"https:\/\/praxis-pflanzenheilkunde.com\/#website\",\"url\":\"https:\/\/praxis-pflanzenheilkunde.com\/\",\"name\":\"Julian Weller Heilpraktiker f\u00fcr Pflanzenheilkunde in Berlin-Charlottenburg\",\"description\":\"Willkommen in meiner Heilpraktiker-Praxis in Berlin-Charlottenburg. Hier steht Ihr individuelles Wohlbefinden im Mittelpunkt. Mit Naturheilverfahren wie Ohrakupunktur, Schr\u00f6pfen und Pflanzenheilkunde biete ich Ihnen eine ganzheitliche, auf Ihre spezifischen Bed\u00fcrfnisse abgestimmte Therapie. Mein Ziel ist es, Sie auf Ihrem Weg zu einem ges\u00fcnderen, gl\u00fccklicheren Leben zu begleiten und das Gleichgewicht zwischen K\u00f6rper und Geist zu f\u00f6rdern.\",\"publisher\":{\"@id\":\"https:\/\/praxis-pflanzenheilkunde.com\/#\/schema\/person\/d761f1aa3eeffaa32c825f414f801c14\"},\"potentialAction\":[{\"@type\":\"SearchAction\",\"target\":{\"@type\":\"EntryPoint\",\"urlTemplate\":\"https:\/\/praxis-pflanzenheilkunde.com\/?s={search_term_string}\"},\"query-input\":{\"@type\":\"PropertyValueSpecification\",\"valueRequired\":true,\"valueName\":\"search_term_string\"}}],\"inLanguage\":\"en-US\"},{\"@type\":[\"Person\",\"Organization\"],\"@id\":\"https:\/\/praxis-pflanzenheilkunde.com\/#\/schema\/person\/d761f1aa3eeffaa32c825f414f801c14\",\"name\":\"Julian Weller | Heilpraktiker | Pflanzenheilkunde\",\"image\":{\"@type\":\"ImageObject\",\"inLanguage\":\"en-US\",\"@id\":\"https:\/\/praxis-pflanzenheilkunde.com\/#\/schema\/person\/image\/\",\"url\":\"https:\/\/praxis-pflanzenheilkunde.com\/wp-content\/uploads\/2023\/04\/2_PC_Logo.png\",\"contentUrl\":\"https:\/\/praxis-pflanzenheilkunde.com\/wp-content\/uploads\/2023\/04\/2_PC_Logo.png\",\"width\":1080,\"height\":1080,\"caption\":\"Julian Weller | Heilpraktiker | Pflanzenheilkunde\"},\"logo\":{\"@id\":\"https:\/\/praxis-pflanzenheilkunde.com\/#\/schema\/person\/image\/\"},\"sameAs\":[\"https:\/\/praxis-pflanzenheilkunde.com\",\"https:\/\/www.facebook.com\/people\/Praxis-fr-Pflanzenheilkunde-Berlin\/100092852247351\/\",\"https:\/\/instagram.com\/praxis_pflanzenheilkunde\",\"https:\/\/x.com\/https:\/\/twitter.com\/pflanzenpraxis\"]}]}<\/script>\n<!-- \/ Yoast SEO plugin. -->","yoast_head_json":{"title":"Kontakt - Julian Weller Heilpraktiker f\u00fcr Pflanzenheilkunde in Berlin-Charlottenburg","robots":{"index":"index","follow":"follow","max-snippet":"max-snippet:-1","max-image-preview":"max-image-preview:large","max-video-preview":"max-video-preview:-1"},"canonical":"https:\/\/praxis-pflanzenheilkunde.com\/en\/kontakt\/","og_locale":"en_US","og_type":"article","og_title":"Kontakt - Julian Weller Heilpraktiker f\u00fcr Pflanzenheilkunde in Berlin-Charlottenburg","og_description":"Kontakt Falls du an einer patientenzentrierten Behandlung interessiert bist, wo deine Anliegen aufmerksam und ernst genommen werden, freue ich mich auf deine Kontaktaufnahme. Solltest du noch unsicher sein, steht dir ein kostenloses, unverbindliches Vorgespra\u0308ch von 10 bis 15 Minuten per Telefon zur Verfu\u0308gung. So haben wir die Chance, uns kennenzulernen und herausfinden, ob wir gut&hellip; Continue reading Kontakt","og_url":"https:\/\/praxis-pflanzenheilkunde.com\/en\/kontakt\/","og_site_name":"Julian Weller Heilpraktiker f\u00fcr Pflanzenheilkunde in Berlin-Charlottenburg","article_publisher":"https:\/\/www.facebook.com\/people\/Praxis-fr-Pflanzenheilkunde-Berlin\/100092852247351\/","article_modified_time":"2024-07-22T14:00:23+00:00","twitter_card":"summary_large_image","twitter_site":"@pflanzenpraxis","twitter_misc":{"Est. reading time":"1 minute"},"schema":{"@context":"https:\/\/schema.org","@graph":[{"@type":"WebPage","@id":"https:\/\/praxis-pflanzenheilkunde.com\/kontakt\/","url":"https:\/\/praxis-pflanzenheilkunde.com\/kontakt\/","name":"Kontakt - Julian Weller Heilpraktiker f\u00fcr Pflanzenheilkunde in Berlin-Charlottenburg","isPartOf":{"@id":"https:\/\/praxis-pflanzenheilkunde.com\/#website"},"datePublished":"2023-04-11T11:21:51+00:00","dateModified":"2024-07-22T14:00:23+00:00","breadcrumb":{"@id":"https:\/\/praxis-pflanzenheilkunde.com\/kontakt\/#breadcrumb"},"inLanguage":"en-US","potentialAction":[{"@type":"ReadAction","target":["https:\/\/praxis-pflanzenheilkunde.com\/kontakt\/"]}]},{"@type":"BreadcrumbList","@id":"https:\/\/praxis-pflanzenheilkunde.com\/kontakt\/#breadcrumb","itemListElement":[{"@type":"ListItem","position":1,"name":"Startseite","item":"https:\/\/praxis-pflanzenheilkunde.com\/"},{"@type":"ListItem","position":2,"name":"Kontakt"}]},{"@type":"WebSite","@id":"https:\/\/praxis-pflanzenheilkunde.com\/#website","url":"https:\/\/praxis-pflanzenheilkunde.com\/","name":"Julian Weller Heilpraktiker f\u00fcr Pflanzenheilkunde in Berlin-Charlottenburg","description":"Willkommen in meiner Heilpraktiker-Praxis in Berlin-Charlottenburg. Hier steht Ihr individuelles Wohlbefinden im Mittelpunkt. Mit Naturheilverfahren wie Ohrakupunktur, Schr\u00f6pfen und Pflanzenheilkunde biete ich Ihnen eine ganzheitliche, auf Ihre spezifischen Bed\u00fcrfnisse abgestimmte Therapie. Mein Ziel ist es, Sie auf Ihrem Weg zu einem ges\u00fcnderen, gl\u00fccklicheren Leben zu begleiten und das Gleichgewicht zwischen K\u00f6rper und Geist zu f\u00f6rdern.","publisher":{"@id":"https:\/\/praxis-pflanzenheilkunde.com\/#\/schema\/person\/d761f1aa3eeffaa32c825f414f801c14"},"potentialAction":[{"@type":"SearchAction","target":{"@type":"EntryPoint","urlTemplate":"https:\/\/praxis-pflanzenheilkunde.com\/?s={search_term_string}"},"query-input":{"@type":"PropertyValueSpecification","valueRequired":true,"valueName":"search_term_string"}}],"inLanguage":"en-US"},{"@type":["Person","Organization"],"@id":"https:\/\/praxis-pflanzenheilkunde.com\/#\/schema\/person\/d761f1aa3eeffaa32c825f414f801c14","name":"Julian Weller | Heilpraktiker | Pflanzenheilkunde","image":{"@type":"ImageObject","inLanguage":"en-US","@id":"https:\/\/praxis-pflanzenheilkunde.com\/#\/schema\/person\/image\/","url":"https:\/\/praxis-pflanzenheilkunde.com\/wp-content\/uploads\/2023\/04\/2_PC_Logo.png","contentUrl":"https:\/\/praxis-pflanzenheilkunde.com\/wp-content\/uploads\/2023\/04\/2_PC_Logo.png","width":1080,"height":1080,"caption":"Julian Weller | Heilpraktiker | Pflanzenheilkunde"},"logo":{"@id":"https:\/\/praxis-pflanzenheilkunde.com\/#\/schema\/person\/image\/"},"sameAs":["https:\/\/praxis-pflanzenheilkunde.com","https:\/\/www.facebook.com\/people\/Praxis-fr-Pflanzenheilkunde-Berlin\/100092852247351\/","https:\/\/instagram.com\/praxis_pflanzenheilkunde","https:\/\/x.com\/https:\/\/twitter.com\/pflanzenpraxis"]}]}},"_links":{"self":[{"href":"https:\/\/praxis-pflanzenheilkunde.com\/en\/wp-json\/wp\/v2\/pages\/9","targetHints":{"allow":["GET"]}}],"collection":[{"href":"https:\/\/praxis-pflanzenheilkunde.com\/en\/wp-json\/wp\/v2\/pages"}],"about":[{"href":"https:\/\/praxis-pflanzenheilkunde.com\/en\/wp-json\/wp\/v2\/types\/page"}],"author":[{"embeddable":true,"href":"https:\/\/praxis-pflanzenheilkunde.com\/en\/wp-json\/wp\/v2\/users\/1"}],"replies":[{"embeddable":true,"href":"https:\/\/praxis-pflanzenheilkunde.com\/en\/wp-json\/wp\/v2\/comments?post=9"}],"version-history":[{"count":10,"href":"https:\/\/praxis-pflanzenheilkunde.com\/en\/wp-json\/wp\/v2\/pages\/9\/revisions"}],"predecessor-version":[{"id":2072,"href":"https:\/\/praxis-pflanzenheilkunde.com\/en\/wp-json\/wp\/v2\/pages\/9\/revisions\/2072"}],"wp:attachment":[{"href":"https:\/\/praxis-pflanzenheilkunde.com\/en\/wp-json\/wp\/v2\/media?parent=9"}],"curies":[{"name":"wp","href":"https:\/\/api.w.org\/{rel}","templated":true}]}}